{"id":3511,"date":"2020-08-11T22:59:58","date_gmt":"2020-08-11T20:59:58","guid":{"rendered":"http:\/\/new.kyrkhelg.fi\/?page_id=3511"},"modified":"2026-03-17T16:33:38","modified_gmt":"2026-03-17T14:33:38","slug":"information-syd","status":"publish","type":"page","link":"https:\/\/www.kyrkhelg.fi\/index.php\/information-syd\/","title":{"rendered":"Information-syd"},"content":{"rendered":"\t\t<div data-elementor-type=\"wp-page\" data-elementor-id=\"3511\" class=\"elementor elementor-3511\" data-elementor-post-type=\"page\">\n\t\t\t\t\t\t<section class=\"ob-is-breaking-bad elementor-section elementor-top-section elementor-element elementor-element-a93f186 elementor-section-boxed elementor-section-height-default elementor-section-height-default\" data-id=\"a93f186\" data-element_type=\"section\" data-e-type=\"section\" data-settings=\"{&quot;background_background&quot;:&quot;classic&quot;,&quot;_ob_bbad_use_it&quot;:&quot;yes&quot;,&quot;_ob_bbad_sssic_use&quot;:&quot;no&quot;,&quot;_ob_glider_is_slider&quot;:&quot;no&quot;}\">\n\t\t\t\t\t\t<div class=\"elementor-container elementor-column-gap-default\">\n\t\t\t\t\t<div class=\"elementor-column elementor-col-100 elementor-top-column elementor-element elementor-element-78add46\" data-id=\"78add46\" data-element_type=\"column\" data-e-type=\"column\" data-settings=\"{&quot;_ob_bbad_is_stalker&quot;:&quot;no&quot;,&quot;_ob_teleporter_use&quot;:false,&quot;_ob_column_hoveranimator&quot;:&quot;no&quot;,&quot;_ob_column_has_pseudo&quot;:&quot;no&quot;}\">\n\t\t\t<div class=\"elementor-widget-wrap elementor-element-populated\">\n\t\t\t\t\t\t<div class=\"elementor-element elementor-element-472ee51 ob-has-background-overlay elementor-widget elementor-widget-spacer\" data-id=\"472ee51\" data-element_type=\"widget\" data-e-type=\"widget\" data-settings=\"{&quot;_ob_spacerat_use&quot;:&quot;no&quot;,&quot;_ob_perspektive_use&quot;:&quot;no&quot;,&quot;_ob_poopart_use&quot;:&quot;yes&quot;,&quot;_ob_shadough_use&quot;:&quot;no&quot;,&quot;_ob_allow_hoveranimator&quot;:&quot;no&quot;,&quot;_ob_widget_stalker_use&quot;:&quot;no&quot;}\" data-widget_type=\"spacer.default\">\n\t\t\t\t<div class=\"elementor-widget-container\">\n\t\t\t\t\t\t\t<div class=\"elementor-spacer\">\n\t\t\t<div class=\"elementor-spacer-inner\"><\/div>\n\t\t<\/div>\n\t\t\t\t\t\t<\/div>\n\t\t\t\t<\/div>\n\t\t\t\t<div class=\"elementor-element elementor-element-fe3ca4b ob-harakiri-inherit ob-has-background-overlay elementor-widget elementor-widget-heading\" data-id=\"fe3ca4b\" data-element_type=\"widget\" data-e-type=\"widget\" data-settings=\"{&quot;_ob_use_harakiri&quot;:&quot;yes&quot;,&quot;_ob_harakiri_writing_mode&quot;:&quot;inherit&quot;,&quot;_ob_harakiri_text_clip&quot;:&quot;none&quot;,&quot;_ob_perspektive_use&quot;:&quot;no&quot;,&quot;_ob_poopart_use&quot;:&quot;yes&quot;,&quot;_ob_shadough_use&quot;:&quot;no&quot;,&quot;_ob_allow_hoveranimator&quot;:&quot;no&quot;,&quot;_ob_widget_stalker_use&quot;:&quot;no&quot;}\" data-widget_type=\"heading.default\">\n\t\t\t\t<div class=\"elementor-widget-container\">\n\t\t\t\t\t<h2 class=\"elementor-heading-title elementor-size-default\">Information om Kyrkhelg Syd<\/h2>\t\t\t\t<\/div>\n\t\t\t\t<\/div>\n\t\t\t\t<div class=\"elementor-element elementor-element-30f830d ob-has-background-overlay elementor-widget elementor-widget-spacer\" data-id=\"30f830d\" data-element_type=\"widget\" data-e-type=\"widget\" data-settings=\"{&quot;_ob_spacerat_use&quot;:&quot;no&quot;,&quot;_ob_perspektive_use&quot;:&quot;no&quot;,&quot;_ob_poopart_use&quot;:&quot;yes&quot;,&quot;_ob_shadough_use&quot;:&quot;no&quot;,&quot;_ob_allow_hoveranimator&quot;:&quot;no&quot;,&quot;_ob_widget_stalker_use&quot;:&quot;no&quot;}\" data-widget_type=\"spacer.default\">\n\t\t\t\t<div class=\"elementor-widget-container\">\n\t\t\t\t\t\t\t<div class=\"elementor-spacer\">\n\t\t\t<div class=\"elementor-spacer-inner\"><\/div>\n\t\t<\/div>\n\t\t\t\t\t\t<\/div>\n\t\t\t\t<\/div>\n\t\t\t\t<section class=\"ob-is-breaking-bad ob-bb-inner elementor-section elementor-inner-section elementor-element elementor-element-0654ace elementor-section-boxed elementor-section-height-default elementor-section-height-default\" data-id=\"0654ace\" data-element_type=\"section\" data-e-type=\"section\" data-settings=\"{&quot;_ob_bbad_use_it&quot;:&quot;yes&quot;,&quot;_ob_bbad_sssic_use&quot;:&quot;no&quot;,&quot;_ob_glider_is_slider&quot;:&quot;no&quot;}\">\n\t\t\t\t\t\t<div class=\"elementor-container elementor-column-gap-default\">\n\t\t\t\t\t<div class=\"elementor-column elementor-col-50 elementor-inner-column elementor-element elementor-element-56f1094\" data-id=\"56f1094\" data-element_type=\"column\" data-e-type=\"column\" data-settings=\"{&quot;_ob_bbad_is_stalker&quot;:&quot;no&quot;,&quot;_ob_teleporter_use&quot;:false,&quot;_ob_column_hoveranimator&quot;:&quot;no&quot;,&quot;_ob_column_has_pseudo&quot;:&quot;no&quot;}\">\n\t\t\t<div class=\"elementor-widget-wrap elementor-element-populated\">\n\t\t\t\t\t\t<div class=\"elementor-element elementor-element-e3f7f77 ob-harakiri-inherit ob-has-background-overlay elementor-widget elementor-widget-text-editor\" data-id=\"e3f7f77\" data-element_type=\"widget\" data-e-type=\"widget\" data-settings=\"{&quot;_ob_use_harakiri&quot;:&quot;yes&quot;,&quot;_ob_harakiri_writing_mode&quot;:&quot;inherit&quot;,&quot;_ob_postman_use&quot;:&quot;no&quot;,&quot;_ob_perspektive_use&quot;:&quot;no&quot;,&quot;_ob_poopart_use&quot;:&quot;yes&quot;,&quot;_ob_shadough_use&quot;:&quot;no&quot;,&quot;_ob_allow_hoveranimator&quot;:&quot;no&quot;,&quot;_ob_widget_stalker_use&quot;:&quot;no&quot;}\" data-widget_type=\"text-editor.default\">\n\t\t\t\t<div class=\"elementor-widget-container\">\n\t\t\t\t\t\t\t\t\t<p><strong>STREAMING<\/strong><\/p><p>I \u00e5r ordnas det ingen streaming fr\u00e5n Kyrkhelg Syd, f\u00f6rutom s\u00f6ndagens h\u00f6gm\u00e4ssa, vi uppmuntrar alla intresserade att delta p\u00e5 plats och st\u00e4lle.<\/p><p><strong>BARNENS KYRKHELG<\/strong><\/p><p>Barnprogram ordnas p\u00e5 utm\u00e4rkta samlingar.<\/p><p><strong>BOKBORD<\/strong><\/p><p>SLEF-Media st\u00e4ller fram sitt bokbord.<\/p><p><strong>SERVERING<\/strong><\/p><p>Lunch: 10,45 euro<br \/>Eftermiddagskaffe: 4,50 euro<br \/>Kv\u00e4llsmat: 8 euro<br \/>Rabatt f\u00f6r studerande, pension\u00e4rer och barnfamiljer.<\/p><p><strong>F\u00d6RBINDELSER<\/strong><\/p><p><strong>Suomen Raamattuopisto<\/strong>:<br \/>\u2022 N\u00e4rt\u00e5g E och U fr\u00e5n Helsingfors centrum (g\u00e5ngavst\u00e5nd fr\u00e5n Grankulla station).<\/p><p>\u2022 Bussh\u00e5llsplats strax utanf\u00f6r, busslinjerna 224 och 548.<br \/>\u2022 Avgiftsfri parkering p\u00e5 baksidan, invaparkering p\u00e5 framsidan.<\/p><p><strong>Heliga Hj\u00e4rtats kapell<\/strong>:<br \/>\u2022 Sp\u00e5rvagnsh\u00e5llplats Idrottshuset \u2013 linjerna 1, 3 och 8.<br \/>\u2022 Parkering l\u00e4ngs gatan.<\/p>\t\t\t\t\t\t\t\t<\/div>\n\t\t\t\t<\/div>\n\t\t\t\t\t<\/div>\n\t\t<\/div>\n\t\t\t\t<div class=\"elementor-column elementor-col-50 elementor-inner-column elementor-element elementor-element-46eee02\" data-id=\"46eee02\" data-element_type=\"column\" data-e-type=\"column\" data-settings=\"{&quot;_ob_bbad_is_stalker&quot;:&quot;no&quot;,&quot;_ob_teleporter_use&quot;:false,&quot;_ob_column_hoveranimator&quot;:&quot;no&quot;,&quot;_ob_column_has_pseudo&quot;:&quot;no&quot;}\">\n\t\t\t<div class=\"elementor-widget-wrap elementor-element-populated\">\n\t\t\t\t\t\t<div class=\"elementor-element elementor-element-18c96be ob-harakiri-inherit ob-has-background-overlay elementor-widget elementor-widget-text-editor\" data-id=\"18c96be\" data-element_type=\"widget\" data-e-type=\"widget\" data-settings=\"{&quot;_ob_use_harakiri&quot;:&quot;yes&quot;,&quot;_ob_harakiri_writing_mode&quot;:&quot;inherit&quot;,&quot;_ob_postman_use&quot;:&quot;no&quot;,&quot;_ob_perspektive_use&quot;:&quot;no&quot;,&quot;_ob_poopart_use&quot;:&quot;yes&quot;,&quot;_ob_shadough_use&quot;:&quot;no&quot;,&quot;_ob_allow_hoveranimator&quot;:&quot;no&quot;,&quot;_ob_widget_stalker_use&quot;:&quot;no&quot;}\" data-widget_type=\"text-editor.default\">\n\t\t\t\t<div class=\"elementor-widget-container\">\n\t\t\t\t\t\t\t\t\t<p><b>ANM\u00c4LNINGAR<\/b><\/p><p>KYRKHELGEN \u00c4R \u00d6PPEN F\u00d6R ALLA UTAN ANM\u00c4LAN ELLER AVGIFT.<\/p><p><strong><span lang=\"FI\">UNDERST\u00d6D<\/span><\/strong><\/p><p>Under samlingarna b\u00e4r vi upp en kollekt f\u00f6r att t\u00e4cka kostnaderna f\u00f6r arrangemangen av Kyrkhelgen. Du kan ge kollekt i kontanter, med bankkort och MobilePay.<\/p><p><span lang=\"FI\">Via MobilePay\/SLEF kan Kyrkhelg Syd underst\u00f6das via numret <\/span><strong>75157<\/strong> eller via inbetalning till SLEF:s konto <strong>FI45 4055 1120 0020 96<\/strong>, meddelande: Kyrkhelg Syd. (Tillst\u00e5ndsnummer: Finland utom \u00c5land: RA\/2022\/1661, beviljat 24.11.2022 fr.o.m. 1.1.2023 tillsvidare)<\/p><p><strong><span lang=\"FI\">KYRKHELGENS ARRANG\u00d6RER <\/span><\/strong><\/p><p><span lang=\"FI\">Kyrkhelg Syd \u00e4r ett samarbete mellan Fridsf\u00f6reningen i S\u00f6dra <br \/>Finland, Puls Helsingfors, Finlands ev.luth. student- och skolungdomsmission och Svenska Lutherska Evangelif\u00f6reningen i Finland.\u00a0<\/span><\/p><p><strong><span lang=\"FI\">KONTAKTPERSON <\/span><\/strong><\/p><p>Fredrik S\u00f6d\u00f6 (050 375 4383, fredrik.sodo@gmail.com)<\/p><p><span lang=\"FI\" style=\"font-size: 11.0pt; line-height: 107%; font-family: 'Calibri',sans-serif; mso-ascii-theme-font: minor-latin; mso-fareast-font-family: Calibri; mso-fareast-theme-font: minor-latin; mso-hansi-theme-font: minor-latin; mso-bidi-font-family: 'Times New Roman'; mso-bidi-theme-font: minor-bidi; mso-ansi-language: FI; mso-fareast-language: EN-US; mso-bidi-language: AR-SA;\"><br \/><!-- [if !supportLineBreakNewLine]--><br \/><!--[endif]--><\/span><\/p>\t\t\t\t\t\t\t\t<\/div>\n\t\t\t\t<\/div>\n\t\t\t\t\t<\/div>\n\t\t<\/div>\n\t\t\t\t\t<\/div>\n\t\t<\/section>\n\t\t\t\t\t<\/div>\n\t\t<\/div>\n\t\t\t\t\t<\/div>\n\t\t<\/section>\n\t\t\t\t<\/div>\n\t\t","protected":false},"excerpt":{"rendered":"<p>Information om Kyrkhelg Syd STREAMING I \u00e5r ordnas det ingen streaming fr\u00e5n Kyrkhelg Syd, f\u00f6rutom s\u00f6ndagens h\u00f6gm\u00e4ssa, vi uppmuntrar alla intresserade att delta p\u00e5 plats och st\u00e4lle. BARNENS KYRKHELG Barnprogram ordnas p\u00e5 utm\u00e4rkta samlingar. BOKBORD SLEF-Media st\u00e4ller fram sitt bokbord. SERVERING Lunch: 10,45 euroEftermiddagskaffe: 4,50 euroKv\u00e4llsmat: 8 euroRabatt f\u00f6r studerande, pension\u00e4rer och barnfamiljer. F\u00d6RBINDELSER Suomen [&hellip;]<\/p>\n","protected":false},"author":1,"featured_media":0,"parent":0,"menu_order":0,"comment_status":"closed","ping_status":"closed","template":"","meta":{"_acf_changed":false,"site-sidebar-layout":"no-sidebar","site-content-layout":"page-builder","ast-site-content-layout":"default","site-content-style":"default","site-sidebar-style":"default","ast-global-header-display":"","ast-banner-title-visibility":"","ast-main-header-display":"","ast-hfb-above-header-display":"","ast-hfb-below-header-display":"","ast-hfb-mobile-header-display":"","site-post-title":"disabled","ast-breadcrumbs-content":"","ast-featured-img":"disabled","footer-sml-layout":"","ast-disable-related-posts":"","theme-transparent-header-meta":"default","adv-header-id-meta":"","stick-header-meta":"","header-above-stick-meta":"","header-main-stick-meta":"","header-below-stick-meta":"","astra-migrate-meta-layouts":"default","ast-page-background-enabled":"default","ast-page-background-meta":{"desktop":{"background-color":"","background-image":"","background-repeat":"repeat","background-position":"center center","background-size":"auto","background-attachment":"scroll","background-type":"","background-media":"","overlay-type":"","overlay-color":"","overlay-opacity":"","overlay-gradient":""},"tablet":{"background-color":"","background-image":"","background-repeat":"repeat","background-position":"center center","background-size":"auto","background-attachment":"scroll","background-type":"","background-media":"","overlay-type":"","overlay-color":"","overlay-opacity":"","overlay-gradient":""},"mobile":{"background-color":"","background-image":"","background-repeat":"repeat","background-position":"center center","background-size":"auto","background-attachment":"scroll","background-type":"","background-media":"","overlay-type":"","overlay-color":"","overlay-opacity":"","overlay-gradient":""}},"ast-content-background-meta":{"desktop":{"background-color":"var(--ast-global-color-5)","background-image":"","background-repeat":"repeat","background-position":"center center","background-size":"auto","background-attachment":"scroll","background-type":"","background-media":"","overlay-type":"","overlay-color":"","overlay-opacity":"","overlay-gradient":""},"tablet":{"background-color":"var(--ast-global-color-5)","background-image":"","background-repeat":"repeat","background-position":"center center","background-size":"auto","background-attachment":"scroll","background-type":"","background-media":"","overlay-type":"","overlay-color":"","overlay-opacity":"","overlay-gradient":""},"mobile":{"background-color":"var(--ast-global-color-5)","background-image":"","background-repeat":"repeat","background-position":"center center","background-size":"auto","background-attachment":"scroll","background-type":"","background-media":"","overlay-type":"","overlay-color":"","overlay-opacity":"","overlay-gradient":""}},"footnotes":""},"class_list":["post-3511","page","type-page","status-publish","hentry"],"acf":[],"yoast_head":"<!-- This site is optimized with the Yoast SEO plugin v27.5 - https:\/\/yoast.com\/product\/yoast-seo-wordpress\/ -->\n<title>Information-syd - kyrkhelg<\/title>\n<meta name=\"robots\" content=\"index, follow, max-snippet:-1, max-image-preview:large, max-video-preview:-1\" \/>\n<link rel=\"canonical\" href=\"https:\/\/www.kyrkhelg.fi\/index.php\/information-syd\/\" \/>\n<meta property=\"og:locale\" content=\"en_US\" \/>\n<meta property=\"og:type\" content=\"article\" \/>\n<meta property=\"og:title\" content=\"Information-syd - kyrkhelg\" \/>\n<meta property=\"og:description\" content=\"Information om Kyrkhelg Syd STREAMING I \u00e5r ordnas det ingen streaming fr\u00e5n Kyrkhelg Syd, f\u00f6rutom s\u00f6ndagens h\u00f6gm\u00e4ssa, vi uppmuntrar alla intresserade att delta p\u00e5 plats och st\u00e4lle. BARNENS KYRKHELG Barnprogram ordnas p\u00e5 utm\u00e4rkta samlingar. BOKBORD SLEF-Media st\u00e4ller fram sitt bokbord. SERVERING Lunch: 10,45 euroEftermiddagskaffe: 4,50 euroKv\u00e4llsmat: 8 euroRabatt f\u00f6r studerande, pension\u00e4rer och barnfamiljer. F\u00d6RBINDELSER Suomen [&hellip;]\" \/>\n<meta property=\"og:url\" content=\"https:\/\/www.kyrkhelg.fi\/index.php\/information-syd\/\" \/>\n<meta property=\"og:site_name\" content=\"kyrkhelg\" \/>\n<meta property=\"article:publisher\" content=\"https:\/\/www.facebook.com\/kyrkhelg\" \/>\n<meta property=\"article:modified_time\" content=\"2026-03-17T14:33:38+00:00\" \/>\n<meta name=\"twitter:card\" content=\"summary_large_image\" \/>\n<meta name=\"twitter:label1\" content=\"Est. reading time\" \/>\n\t<meta name=\"twitter:data1\" content=\"1 minute\" \/>\n<script type=\"application\/ld+json\" class=\"yoast-schema-graph\">{\"@context\":\"https:\\\/\\\/schema.org\",\"@graph\":[{\"@type\":\"WebPage\",\"@id\":\"https:\\\/\\\/www.kyrkhelg.fi\\\/index.php\\\/information-syd\\\/\",\"url\":\"https:\\\/\\\/www.kyrkhelg.fi\\\/index.php\\\/information-syd\\\/\",\"name\":\"Information-syd - kyrkhelg\",\"isPartOf\":{\"@id\":\"https:\\\/\\\/www.kyrkhelg.fi\\\/#website\"},\"datePublished\":\"2020-08-11T20:59:58+00:00\",\"dateModified\":\"2026-03-17T14:33:38+00:00\",\"breadcrumb\":{\"@id\":\"https:\\\/\\\/www.kyrkhelg.fi\\\/index.php\\\/information-syd\\\/#breadcrumb\"},\"inLanguage\":\"en\",\"potentialAction\":[{\"@type\":\"ReadAction\",\"target\":[\"https:\\\/\\\/www.kyrkhelg.fi\\\/index.php\\\/information-syd\\\/\"]}]},{\"@type\":\"BreadcrumbList\",\"@id\":\"https:\\\/\\\/www.kyrkhelg.fi\\\/index.php\\\/information-syd\\\/#breadcrumb\",\"itemListElement\":[{\"@type\":\"ListItem\",\"position\":1,\"name\":\"Home\",\"item\":\"https:\\\/\\\/www.kyrkhelg.fi\\\/\"},{\"@type\":\"ListItem\",\"position\":2,\"name\":\"Information-syd\"}]},{\"@type\":\"WebSite\",\"@id\":\"https:\\\/\\\/www.kyrkhelg.fi\\\/#website\",\"url\":\"https:\\\/\\\/www.kyrkhelg.fi\\\/\",\"name\":\"kyrkhelgen\",\"description\":\"Helgen om Jesus\",\"publisher\":{\"@id\":\"https:\\\/\\\/www.kyrkhelg.fi\\\/#organization\"},\"potentialAction\":[{\"@type\":\"SearchAction\",\"target\":{\"@type\":\"EntryPoint\",\"urlTemplate\":\"https:\\\/\\\/www.kyrkhelg.fi\\\/?s={search_term_string}\"},\"query-input\":{\"@type\":\"PropertyValueSpecification\",\"valueRequired\":true,\"valueName\":\"search_term_string\"}}],\"inLanguage\":\"en\"},{\"@type\":\"Organization\",\"@id\":\"https:\\\/\\\/www.kyrkhelg.fi\\\/#organization\",\"name\":\"Kyrkhelgen\",\"url\":\"https:\\\/\\\/www.kyrkhelg.fi\\\/\",\"logo\":{\"@type\":\"ImageObject\",\"inLanguage\":\"en\",\"@id\":\"https:\\\/\\\/www.kyrkhelg.fi\\\/#\\\/schema\\\/logo\\\/image\\\/\",\"url\":\"https:\\\/\\\/www.kyrkhelg.fi\\\/wp-content\\\/uploads\\\/2021\\\/08\\\/Kyrkhelgen-Logo-e1627898752523.png\",\"contentUrl\":\"https:\\\/\\\/www.kyrkhelg.fi\\\/wp-content\\\/uploads\\\/2021\\\/08\\\/Kyrkhelgen-Logo-e1627898752523.png\",\"width\":200,\"height\":199,\"caption\":\"Kyrkhelgen\"},\"image\":{\"@id\":\"https:\\\/\\\/www.kyrkhelg.fi\\\/#\\\/schema\\\/logo\\\/image\\\/\"},\"sameAs\":[\"https:\\\/\\\/www.facebook.com\\\/kyrkhelg\",\"https:\\\/\\\/instagram.com\\\/kyrkhelgennord?igshid=1sqmgahoxfuld\",\"https:\\\/\\\/www.youtube.com\\\/channel\\\/UC8wwYJtGeH21s0s3WeMmQ6Q\"]}]}<\/script>\n<!-- \/ Yoast SEO plugin. -->","yoast_head_json":{"title":"Information-syd - kyrkhelg","robots":{"index":"index","follow":"follow","max-snippet":"max-snippet:-1","max-image-preview":"max-image-preview:large","max-video-preview":"max-video-preview:-1"},"canonical":"https:\/\/www.kyrkhelg.fi\/index.php\/information-syd\/","og_locale":"en_US","og_type":"article","og_title":"Information-syd - kyrkhelg","og_description":"Information om Kyrkhelg Syd STREAMING I \u00e5r ordnas det ingen streaming fr\u00e5n Kyrkhelg Syd, f\u00f6rutom s\u00f6ndagens h\u00f6gm\u00e4ssa, vi uppmuntrar alla intresserade att delta p\u00e5 plats och st\u00e4lle. BARNENS KYRKHELG Barnprogram ordnas p\u00e5 utm\u00e4rkta samlingar. BOKBORD SLEF-Media st\u00e4ller fram sitt bokbord. SERVERING Lunch: 10,45 euroEftermiddagskaffe: 4,50 euroKv\u00e4llsmat: 8 euroRabatt f\u00f6r studerande, pension\u00e4rer och barnfamiljer. F\u00d6RBINDELSER Suomen [&hellip;]","og_url":"https:\/\/www.kyrkhelg.fi\/index.php\/information-syd\/","og_site_name":"kyrkhelg","article_publisher":"https:\/\/www.facebook.com\/kyrkhelg","article_modified_time":"2026-03-17T14:33:38+00:00","twitter_card":"summary_large_image","twitter_misc":{"Est. reading time":"1 minute"},"schema":{"@context":"https:\/\/schema.org","@graph":[{"@type":"WebPage","@id":"https:\/\/www.kyrkhelg.fi\/index.php\/information-syd\/","url":"https:\/\/www.kyrkhelg.fi\/index.php\/information-syd\/","name":"Information-syd - kyrkhelg","isPartOf":{"@id":"https:\/\/www.kyrkhelg.fi\/#website"},"datePublished":"2020-08-11T20:59:58+00:00","dateModified":"2026-03-17T14:33:38+00:00","breadcrumb":{"@id":"https:\/\/www.kyrkhelg.fi\/index.php\/information-syd\/#breadcrumb"},"inLanguage":"en","potentialAction":[{"@type":"ReadAction","target":["https:\/\/www.kyrkhelg.fi\/index.php\/information-syd\/"]}]},{"@type":"BreadcrumbList","@id":"https:\/\/www.kyrkhelg.fi\/index.php\/information-syd\/#breadcrumb","itemListElement":[{"@type":"ListItem","position":1,"name":"Home","item":"https:\/\/www.kyrkhelg.fi\/"},{"@type":"ListItem","position":2,"name":"Information-syd"}]},{"@type":"WebSite","@id":"https:\/\/www.kyrkhelg.fi\/#website","url":"https:\/\/www.kyrkhelg.fi\/","name":"kyrkhelgen","description":"Helgen om Jesus","publisher":{"@id":"https:\/\/www.kyrkhelg.fi\/#organization"},"potentialAction":[{"@type":"SearchAction","target":{"@type":"EntryPoint","urlTemplate":"https:\/\/www.kyrkhelg.fi\/?s={search_term_string}"},"query-input":{"@type":"PropertyValueSpecification","valueRequired":true,"valueName":"search_term_string"}}],"inLanguage":"en"},{"@type":"Organization","@id":"https:\/\/www.kyrkhelg.fi\/#organization","name":"Kyrkhelgen","url":"https:\/\/www.kyrkhelg.fi\/","logo":{"@type":"ImageObject","inLanguage":"en","@id":"https:\/\/www.kyrkhelg.fi\/#\/schema\/logo\/image\/","url":"https:\/\/www.kyrkhelg.fi\/wp-content\/uploads\/2021\/08\/Kyrkhelgen-Logo-e1627898752523.png","contentUrl":"https:\/\/www.kyrkhelg.fi\/wp-content\/uploads\/2021\/08\/Kyrkhelgen-Logo-e1627898752523.png","width":200,"height":199,"caption":"Kyrkhelgen"},"image":{"@id":"https:\/\/www.kyrkhelg.fi\/#\/schema\/logo\/image\/"},"sameAs":["https:\/\/www.facebook.com\/kyrkhelg","https:\/\/instagram.com\/kyrkhelgennord?igshid=1sqmgahoxfuld","https:\/\/www.youtube.com\/channel\/UC8wwYJtGeH21s0s3WeMmQ6Q"]}]}},"_links":{"self":[{"href":"https:\/\/www.kyrkhelg.fi\/index.php\/wp-json\/wp\/v2\/pages\/3511","targetHints":{"allow":["GET"]}}],"collection":[{"href":"https:\/\/www.kyrkhelg.fi\/index.php\/wp-json\/wp\/v2\/pages"}],"about":[{"href":"https:\/\/www.kyrkhelg.fi\/index.php\/wp-json\/wp\/v2\/types\/page"}],"author":[{"embeddable":true,"href":"https:\/\/www.kyrkhelg.fi\/index.php\/wp-json\/wp\/v2\/users\/1"}],"replies":[{"embeddable":true,"href":"https:\/\/www.kyrkhelg.fi\/index.php\/wp-json\/wp\/v2\/comments?post=3511"}],"version-history":[{"count":119,"href":"https:\/\/www.kyrkhelg.fi\/index.php\/wp-json\/wp\/v2\/pages\/3511\/revisions"}],"predecessor-version":[{"id":6925,"href":"https:\/\/www.kyrkhelg.fi\/index.php\/wp-json\/wp\/v2\/pages\/3511\/revisions\/6925"}],"wp:attachment":[{"href":"https:\/\/www.kyrkhelg.fi\/index.php\/wp-json\/wp\/v2\/media?parent=3511"}],"curies":[{"name":"wp","href":"https:\/\/api.w.org\/{rel}","templated":true}]}}