{"id":3501,"date":"2020-08-11T22:49:40","date_gmt":"2020-08-11T20:49:40","guid":{"rendered":"http:\/\/new.kyrkhelg.fi\/?page_id=3501"},"modified":"2026-02-18T22:03:03","modified_gmt":"2026-02-18T20:03:03","slug":"framsida-syd","status":"publish","type":"page","link":"https:\/\/www.kyrkhelg.fi\/index.php\/framsida-syd\/","title":{"rendered":"Program-syd"},"content":{"rendered":"\t\t<div data-elementor-type=\"wp-page\" data-elementor-id=\"3501\" class=\"elementor elementor-3501\" data-elementor-post-type=\"page\">\n\t\t\t\t\t\t<section class=\"ob-is-breaking-bad elementor-section elementor-top-section elementor-element elementor-element-e59ebea elementor-section-boxed elementor-section-height-default elementor-section-height-default\" data-id=\"e59ebea\" data-element_type=\"section\" data-e-type=\"section\" data-settings=\"{&quot;background_background&quot;:&quot;classic&quot;,&quot;_ob_bbad_use_it&quot;:&quot;yes&quot;,&quot;_ob_bbad_sssic_use&quot;:&quot;no&quot;,&quot;_ob_glider_is_slider&quot;:&quot;no&quot;}\">\n\t\t\t\t\t\t<div class=\"elementor-container elementor-column-gap-default\">\n\t\t\t\t\t<div class=\"elementor-column elementor-col-100 elementor-top-column elementor-element elementor-element-d7c445a\" data-id=\"d7c445a\" data-element_type=\"column\" data-e-type=\"column\" data-settings=\"{&quot;background_background&quot;:&quot;classic&quot;,&quot;_ob_bbad_is_stalker&quot;:&quot;no&quot;,&quot;_ob_teleporter_use&quot;:false,&quot;_ob_column_hoveranimator&quot;:&quot;no&quot;,&quot;_ob_column_has_pseudo&quot;:&quot;no&quot;}\">\n\t\t\t<div class=\"elementor-widget-wrap elementor-element-populated\">\n\t\t\t\t\t\t<div class=\"elementor-element elementor-element-260ef51 ob-has-background-overlay elementor-widget elementor-widget-spacer\" data-id=\"260ef51\" data-element_type=\"widget\" data-e-type=\"widget\" data-settings=\"{&quot;_ob_spacerat_use&quot;:&quot;no&quot;,&quot;_ob_perspektive_use&quot;:&quot;no&quot;,&quot;_ob_poopart_use&quot;:&quot;yes&quot;,&quot;_ob_shadough_use&quot;:&quot;no&quot;,&quot;_ob_allow_hoveranimator&quot;:&quot;no&quot;,&quot;_ob_widget_stalker_use&quot;:&quot;no&quot;}\" data-widget_type=\"spacer.default\">\n\t\t\t\t<div class=\"elementor-widget-container\">\n\t\t\t\t\t\t\t<div class=\"elementor-spacer\">\n\t\t\t<div class=\"elementor-spacer-inner\"><\/div>\n\t\t<\/div>\n\t\t\t\t\t\t<\/div>\n\t\t\t\t<\/div>\n\t\t\t\t<div class=\"elementor-element elementor-element-2135e45 ob-harakiri-inherit ob-has-background-overlay elementor-widget elementor-widget-text-editor\" data-id=\"2135e45\" data-element_type=\"widget\" data-e-type=\"widget\" data-settings=\"{&quot;_ob_use_harakiri&quot;:&quot;yes&quot;,&quot;_ob_harakiri_writing_mode&quot;:&quot;inherit&quot;,&quot;_ob_postman_use&quot;:&quot;no&quot;,&quot;_ob_perspektive_use&quot;:&quot;no&quot;,&quot;_ob_poopart_use&quot;:&quot;yes&quot;,&quot;_ob_shadough_use&quot;:&quot;no&quot;,&quot;_ob_allow_hoveranimator&quot;:&quot;no&quot;,&quot;_ob_widget_stalker_use&quot;:&quot;no&quot;}\" data-widget_type=\"text-editor.default\">\n\t\t\t\t<div class=\"elementor-widget-container\">\n\t\t\t\t\t\t\t\t\t<h3>Fredag 10.4.2026<\/h3><h6>Frebe, Fredriksgatan 61, Helsingfors<\/h6><h6>20.00 Ungdomsm\u00f6te p\u00e5 Frebe, Jonathan Vik<\/h6><h3>L\u00f6rdag 11.4.2026<\/h3><h6>Finska Bibelinstitutet, Helsingforsv\u00e4gen 10, Grankulla<\/h6><h6>(10 kyrkan \u00f6ppnas)<\/h6><h6>10.30 Inledningsm\u00f6te: Leva ut! Om att leva ut sin kristna kallelse i vardagen, bibelstudium med Magnus Persson BARNPROGRAM<\/h6><h6>12.00 Lunch<\/h6><h6>13.15 Eftermiddagsm\u00f6te 1: Tala ut! Om att sprida evangelium och inbjuda till f\u00f6rsamlingen, bibelstudium med Magnus Persson BARNPROGRAM<\/h6><h6>14.45 Kaffe<\/h6><h6>15.30 Eftermiddagsm\u00f6te 2: L\u00e4ra ut! Senaste nytt om STI:s verksamhet och vision, generalsekreterare Soili Haverinen BARNPROGRAM<\/h6><h6>17.00 Kv\u00e4llsmat<\/h6><h6>18.30 Kv\u00e4llsm\u00f6te: Bjuda in! Hurudan \u00e4r den f\u00f6rsamling man vill inbjuda till, Undervisning med Magnus Persson. Panelister svarar p\u00e5 deltagarnas fr\u00e5gor, musik med Kingdom Singers.<\/h6><h6>\u00a0<\/h6><h3>S\u00f6ndag 12.4.2026<\/h3><h6>Heliga Hj\u00e4rtats kapell, Kristinegatan 1, Helsingfors<\/h6><h6>14.30 H\u00f6gm\u00e4ssa Tuomas Rosqvist, Vesa Ollilainen S\u00d6NDAGSSKOLA<\/h6><h6>Kyrkkaffe (frivillig avgift)<\/h6><h6>17.00 Avslutningsm\u00f6te: H\u00e5lla ut! Om att leva som kristen i en postkristen tid, Vesa Ollilainen<\/h6>\t\t\t\t\t\t\t\t<\/div>\n\t\t\t\t<\/div>\n\t\t\t\t\t<\/div>\n\t\t<\/div>\n\t\t\t\t\t<\/div>\n\t\t<\/section>\n\t\t\t\t<section class=\"ob-is-breaking-bad elementor-section elementor-top-section elementor-element elementor-element-d177a33 elementor-section-boxed elementor-section-height-default elementor-section-height-default\" data-id=\"d177a33\" data-element_type=\"section\" data-e-type=\"section\" data-settings=\"{&quot;_ob_bbad_use_it&quot;:&quot;yes&quot;,&quot;_ob_bbad_sssic_use&quot;:&quot;no&quot;,&quot;_ob_glider_is_slider&quot;:&quot;no&quot;}\">\n\t\t\t\t\t\t<div class=\"elementor-container elementor-column-gap-default\">\n\t\t\t\t\t<div class=\"elementor-column elementor-col-100 elementor-top-column elementor-element elementor-element-78ed757\" data-id=\"78ed757\" data-element_type=\"column\" data-e-type=\"column\" data-settings=\"{&quot;_ob_bbad_is_stalker&quot;:&quot;no&quot;,&quot;_ob_teleporter_use&quot;:false,&quot;_ob_column_hoveranimator&quot;:&quot;no&quot;,&quot;_ob_column_has_pseudo&quot;:&quot;no&quot;}\">\n\t\t\t<div class=\"elementor-widget-wrap elementor-element-populated\">\n\t\t\t\t\t\t<div class=\"elementor-element elementor-element-6a40636 ob-has-background-overlay elementor-widget elementor-widget-image\" data-id=\"6a40636\" data-element_type=\"widget\" data-e-type=\"widget\" data-settings=\"{&quot;_ob_photomorph_use&quot;:&quot;no&quot;,&quot;_ob_perspektive_use&quot;:&quot;no&quot;,&quot;_ob_poopart_use&quot;:&quot;yes&quot;,&quot;_ob_shadough_use&quot;:&quot;no&quot;,&quot;_ob_allow_hoveranimator&quot;:&quot;no&quot;,&quot;_ob_widget_stalker_use&quot;:&quot;no&quot;}\" data-widget_type=\"image.default\">\n\t\t\t\t<div class=\"elementor-widget-container\">\n\t\t\t\t\t\t\t\t\t\t\t\t\t\t\t<img fetchpriority=\"high\" decoding=\"async\" width=\"1024\" height=\"450\" src=\"https:\/\/www.kyrkhelg.fi\/wp-content\/uploads\/2026\/02\/image001-1024x450.png\" class=\"attachment-large size-large wp-image-6875\" alt=\"\" srcset=\"https:\/\/www.kyrkhelg.fi\/wp-content\/uploads\/2026\/02\/image001-1024x450.png 1024w, https:\/\/www.kyrkhelg.fi\/wp-content\/uploads\/2026\/02\/image001-300x132.png 300w, https:\/\/www.kyrkhelg.fi\/wp-content\/uploads\/2026\/02\/image001-768x337.png 768w, https:\/\/www.kyrkhelg.fi\/wp-content\/uploads\/2026\/02\/image001.png 1280w\" sizes=\"(max-width: 1024px) 100vw, 1024px\" \/>\t\t\t\t\t\t\t\t\t\t\t\t\t\t\t<\/div>\n\t\t\t\t<\/div>\n\t\t\t\t\t<\/div>\n\t\t<\/div>\n\t\t\t\t\t<\/div>\n\t\t<\/section>\n\t\t\t\t<\/div>\n\t\t","protected":false},"excerpt":{"rendered":"<p>Fredag 10.4.2026 Frebe, Fredriksgatan 61, Helsingfors 20.00 Ungdomsm\u00f6te p\u00e5 Frebe, Jonathan Vik L\u00f6rdag 11.4.2026 Finska Bibelinstitutet, Helsingforsv\u00e4gen 10, Grankulla (10 kyrkan \u00f6ppnas) 10.30 Inledningsm\u00f6te: Leva ut! Om att leva ut sin kristna kallelse i vardagen, bibelstudium med Magnus Persson BARNPROGRAM 12.00 Lunch 13.15 Eftermiddagsm\u00f6te 1: Tala ut! Om att sprida evangelium och inbjuda till f\u00f6rsamlingen, [&hellip;]<\/p>\n","protected":false},"author":1,"featured_media":0,"parent":0,"menu_order":0,"comment_status":"closed","ping_status":"closed","template":"","meta":{"_acf_changed":false,"site-sidebar-layout":"no-sidebar","site-content-layout":"page-builder","ast-site-content-layout":"default","site-content-style":"default","site-sidebar-style":"default","ast-global-header-display":"","ast-banner-title-visibility":"","ast-main-header-display":"","ast-hfb-above-header-display":"","ast-hfb-below-header-display":"","ast-hfb-mobile-header-display":"","site-post-title":"disabled","ast-breadcrumbs-content":"","ast-featured-img":"disabled","footer-sml-layout":"","ast-disable-related-posts":"","theme-transparent-header-meta":"default","adv-header-id-meta":"","stick-header-meta":"","header-above-stick-meta":"","header-main-stick-meta":"","header-below-stick-meta":"","astra-migrate-meta-layouts":"default","ast-page-background-enabled":"default","ast-page-background-meta":{"desktop":{"background-color":"","background-image":"","background-repeat":"repeat","background-position":"center center","background-size":"auto","background-attachment":"scroll","background-type":"","background-media":"","overlay-type":"","overlay-color":"","overlay-opacity":"","overlay-gradient":""},"tablet":{"background-color":"","background-image":"","background-repeat":"repeat","background-position":"center center","background-size":"auto","background-attachment":"scroll","background-type":"","background-media":"","overlay-type":"","overlay-color":"","overlay-opacity":"","overlay-gradient":""},"mobile":{"background-color":"","background-image":"","background-repeat":"repeat","background-position":"center center","background-size":"auto","background-attachment":"scroll","background-type":"","background-media":"","overlay-type":"","overlay-color":"","overlay-opacity":"","overlay-gradient":""}},"ast-content-background-meta":{"desktop":{"background-color":"var(--ast-global-color-5)","background-image":"","background-repeat":"repeat","background-position":"center center","background-size":"auto","background-attachment":"scroll","background-type":"","background-media":"","overlay-type":"","overlay-color":"","overlay-opacity":"","overlay-gradient":""},"tablet":{"background-color":"var(--ast-global-color-5)","background-image":"","background-repeat":"repeat","background-position":"center center","background-size":"auto","background-attachment":"scroll","background-type":"","background-media":"","overlay-type":"","overlay-color":"","overlay-opacity":"","overlay-gradient":""},"mobile":{"background-color":"var(--ast-global-color-5)","background-image":"","background-repeat":"repeat","background-position":"center center","background-size":"auto","background-attachment":"scroll","background-type":"","background-media":"","overlay-type":"","overlay-color":"","overlay-opacity":"","overlay-gradient":""}},"footnotes":""},"class_list":["post-3501","page","type-page","status-publish","hentry"],"acf":[],"yoast_head":"<!-- This site is optimized with the Yoast SEO plugin v27.5 - https:\/\/yoast.com\/product\/yoast-seo-wordpress\/ -->\n<title>Program-syd - kyrkhelg<\/title>\n<meta name=\"robots\" content=\"index, follow, max-snippet:-1, max-image-preview:large, max-video-preview:-1\" \/>\n<link rel=\"canonical\" href=\"https:\/\/www.kyrkhelg.fi\/index.php\/framsida-syd\/\" \/>\n<meta property=\"og:locale\" content=\"en_US\" \/>\n<meta property=\"og:type\" content=\"article\" \/>\n<meta property=\"og:title\" content=\"Program-syd - kyrkhelg\" \/>\n<meta property=\"og:description\" content=\"Fredag 10.4.2026 Frebe, Fredriksgatan 61, Helsingfors 20.00 Ungdomsm\u00f6te p\u00e5 Frebe, Jonathan Vik L\u00f6rdag 11.4.2026 Finska Bibelinstitutet, Helsingforsv\u00e4gen 10, Grankulla (10 kyrkan \u00f6ppnas) 10.30 Inledningsm\u00f6te: Leva ut! Om att leva ut sin kristna kallelse i vardagen, bibelstudium med Magnus Persson BARNPROGRAM 12.00 Lunch 13.15 Eftermiddagsm\u00f6te 1: Tala ut! Om att sprida evangelium och inbjuda till f\u00f6rsamlingen, [&hellip;]\" \/>\n<meta property=\"og:url\" content=\"https:\/\/www.kyrkhelg.fi\/index.php\/framsida-syd\/\" \/>\n<meta property=\"og:site_name\" content=\"kyrkhelg\" \/>\n<meta property=\"article:publisher\" content=\"https:\/\/www.facebook.com\/kyrkhelg\" \/>\n<meta property=\"article:modified_time\" content=\"2026-02-18T20:03:03+00:00\" \/>\n<meta property=\"og:image\" content=\"https:\/\/www.kyrkhelg.fi\/wp-content\/uploads\/2026\/02\/image001.png\" \/>\n\t<meta property=\"og:image:width\" content=\"1280\" \/>\n\t<meta property=\"og:image:height\" content=\"562\" \/>\n\t<meta property=\"og:image:type\" content=\"image\/png\" \/>\n<meta name=\"twitter:card\" content=\"summary_large_image\" \/>\n<meta name=\"twitter:label1\" content=\"Est. reading time\" \/>\n\t<meta name=\"twitter:data1\" content=\"1 minute\" \/>\n<script type=\"application\/ld+json\" class=\"yoast-schema-graph\">{\"@context\":\"https:\\\/\\\/schema.org\",\"@graph\":[{\"@type\":\"WebPage\",\"@id\":\"https:\\\/\\\/www.kyrkhelg.fi\\\/index.php\\\/framsida-syd\\\/\",\"url\":\"https:\\\/\\\/www.kyrkhelg.fi\\\/index.php\\\/framsida-syd\\\/\",\"name\":\"Program-syd - kyrkhelg\",\"isPartOf\":{\"@id\":\"https:\\\/\\\/www.kyrkhelg.fi\\\/#website\"},\"primaryImageOfPage\":{\"@id\":\"https:\\\/\\\/www.kyrkhelg.fi\\\/index.php\\\/framsida-syd\\\/#primaryimage\"},\"image\":{\"@id\":\"https:\\\/\\\/www.kyrkhelg.fi\\\/index.php\\\/framsida-syd\\\/#primaryimage\"},\"thumbnailUrl\":\"https:\\\/\\\/www.kyrkhelg.fi\\\/wp-content\\\/uploads\\\/2026\\\/02\\\/image001-1024x450.png\",\"datePublished\":\"2020-08-11T20:49:40+00:00\",\"dateModified\":\"2026-02-18T20:03:03+00:00\",\"breadcrumb\":{\"@id\":\"https:\\\/\\\/www.kyrkhelg.fi\\\/index.php\\\/framsida-syd\\\/#breadcrumb\"},\"inLanguage\":\"en\",\"potentialAction\":[{\"@type\":\"ReadAction\",\"target\":[\"https:\\\/\\\/www.kyrkhelg.fi\\\/index.php\\\/framsida-syd\\\/\"]}]},{\"@type\":\"ImageObject\",\"inLanguage\":\"en\",\"@id\":\"https:\\\/\\\/www.kyrkhelg.fi\\\/index.php\\\/framsida-syd\\\/#primaryimage\",\"url\":\"https:\\\/\\\/www.kyrkhelg.fi\\\/wp-content\\\/uploads\\\/2026\\\/02\\\/image001.png\",\"contentUrl\":\"https:\\\/\\\/www.kyrkhelg.fi\\\/wp-content\\\/uploads\\\/2026\\\/02\\\/image001.png\",\"width\":1280,\"height\":562},{\"@type\":\"BreadcrumbList\",\"@id\":\"https:\\\/\\\/www.kyrkhelg.fi\\\/index.php\\\/framsida-syd\\\/#breadcrumb\",\"itemListElement\":[{\"@type\":\"ListItem\",\"position\":1,\"name\":\"Home\",\"item\":\"https:\\\/\\\/www.kyrkhelg.fi\\\/\"},{\"@type\":\"ListItem\",\"position\":2,\"name\":\"Program-syd\"}]},{\"@type\":\"WebSite\",\"@id\":\"https:\\\/\\\/www.kyrkhelg.fi\\\/#website\",\"url\":\"https:\\\/\\\/www.kyrkhelg.fi\\\/\",\"name\":\"kyrkhelgen\",\"description\":\"Helgen om Jesus\",\"publisher\":{\"@id\":\"https:\\\/\\\/www.kyrkhelg.fi\\\/#organization\"},\"potentialAction\":[{\"@type\":\"SearchAction\",\"target\":{\"@type\":\"EntryPoint\",\"urlTemplate\":\"https:\\\/\\\/www.kyrkhelg.fi\\\/?s={search_term_string}\"},\"query-input\":{\"@type\":\"PropertyValueSpecification\",\"valueRequired\":true,\"valueName\":\"search_term_string\"}}],\"inLanguage\":\"en\"},{\"@type\":\"Organization\",\"@id\":\"https:\\\/\\\/www.kyrkhelg.fi\\\/#organization\",\"name\":\"Kyrkhelgen\",\"url\":\"https:\\\/\\\/www.kyrkhelg.fi\\\/\",\"logo\":{\"@type\":\"ImageObject\",\"inLanguage\":\"en\",\"@id\":\"https:\\\/\\\/www.kyrkhelg.fi\\\/#\\\/schema\\\/logo\\\/image\\\/\",\"url\":\"https:\\\/\\\/www.kyrkhelg.fi\\\/wp-content\\\/uploads\\\/2021\\\/08\\\/Kyrkhelgen-Logo-e1627898752523.png\",\"contentUrl\":\"https:\\\/\\\/www.kyrkhelg.fi\\\/wp-content\\\/uploads\\\/2021\\\/08\\\/Kyrkhelgen-Logo-e1627898752523.png\",\"width\":200,\"height\":199,\"caption\":\"Kyrkhelgen\"},\"image\":{\"@id\":\"https:\\\/\\\/www.kyrkhelg.fi\\\/#\\\/schema\\\/logo\\\/image\\\/\"},\"sameAs\":[\"https:\\\/\\\/www.facebook.com\\\/kyrkhelg\",\"https:\\\/\\\/instagram.com\\\/kyrkhelgennord?igshid=1sqmgahoxfuld\",\"https:\\\/\\\/www.youtube.com\\\/channel\\\/UC8wwYJtGeH21s0s3WeMmQ6Q\"]}]}<\/script>\n<!-- \/ Yoast SEO plugin. -->","yoast_head_json":{"title":"Program-syd - kyrkhelg","robots":{"index":"index","follow":"follow","max-snippet":"max-snippet:-1","max-image-preview":"max-image-preview:large","max-video-preview":"max-video-preview:-1"},"canonical":"https:\/\/www.kyrkhelg.fi\/index.php\/framsida-syd\/","og_locale":"en_US","og_type":"article","og_title":"Program-syd - kyrkhelg","og_description":"Fredag 10.4.2026 Frebe, Fredriksgatan 61, Helsingfors 20.00 Ungdomsm\u00f6te p\u00e5 Frebe, Jonathan Vik L\u00f6rdag 11.4.2026 Finska Bibelinstitutet, Helsingforsv\u00e4gen 10, Grankulla (10 kyrkan \u00f6ppnas) 10.30 Inledningsm\u00f6te: Leva ut! Om att leva ut sin kristna kallelse i vardagen, bibelstudium med Magnus Persson BARNPROGRAM 12.00 Lunch 13.15 Eftermiddagsm\u00f6te 1: Tala ut! Om att sprida evangelium och inbjuda till f\u00f6rsamlingen, [&hellip;]","og_url":"https:\/\/www.kyrkhelg.fi\/index.php\/framsida-syd\/","og_site_name":"kyrkhelg","article_publisher":"https:\/\/www.facebook.com\/kyrkhelg","article_modified_time":"2026-02-18T20:03:03+00:00","og_image":[{"width":1280,"height":562,"url":"https:\/\/www.kyrkhelg.fi\/wp-content\/uploads\/2026\/02\/image001.png","type":"image\/png"}],"twitter_card":"summary_large_image","twitter_misc":{"Est. reading time":"1 minute"},"schema":{"@context":"https:\/\/schema.org","@graph":[{"@type":"WebPage","@id":"https:\/\/www.kyrkhelg.fi\/index.php\/framsida-syd\/","url":"https:\/\/www.kyrkhelg.fi\/index.php\/framsida-syd\/","name":"Program-syd - kyrkhelg","isPartOf":{"@id":"https:\/\/www.kyrkhelg.fi\/#website"},"primaryImageOfPage":{"@id":"https:\/\/www.kyrkhelg.fi\/index.php\/framsida-syd\/#primaryimage"},"image":{"@id":"https:\/\/www.kyrkhelg.fi\/index.php\/framsida-syd\/#primaryimage"},"thumbnailUrl":"https:\/\/www.kyrkhelg.fi\/wp-content\/uploads\/2026\/02\/image001-1024x450.png","datePublished":"2020-08-11T20:49:40+00:00","dateModified":"2026-02-18T20:03:03+00:00","breadcrumb":{"@id":"https:\/\/www.kyrkhelg.fi\/index.php\/framsida-syd\/#breadcrumb"},"inLanguage":"en","potentialAction":[{"@type":"ReadAction","target":["https:\/\/www.kyrkhelg.fi\/index.php\/framsida-syd\/"]}]},{"@type":"ImageObject","inLanguage":"en","@id":"https:\/\/www.kyrkhelg.fi\/index.php\/framsida-syd\/#primaryimage","url":"https:\/\/www.kyrkhelg.fi\/wp-content\/uploads\/2026\/02\/image001.png","contentUrl":"https:\/\/www.kyrkhelg.fi\/wp-content\/uploads\/2026\/02\/image001.png","width":1280,"height":562},{"@type":"BreadcrumbList","@id":"https:\/\/www.kyrkhelg.fi\/index.php\/framsida-syd\/#breadcrumb","itemListElement":[{"@type":"ListItem","position":1,"name":"Home","item":"https:\/\/www.kyrkhelg.fi\/"},{"@type":"ListItem","position":2,"name":"Program-syd"}]},{"@type":"WebSite","@id":"https:\/\/www.kyrkhelg.fi\/#website","url":"https:\/\/www.kyrkhelg.fi\/","name":"kyrkhelgen","description":"Helgen om Jesus","publisher":{"@id":"https:\/\/www.kyrkhelg.fi\/#organization"},"potentialAction":[{"@type":"SearchAction","target":{"@type":"EntryPoint","urlTemplate":"https:\/\/www.kyrkhelg.fi\/?s={search_term_string}"},"query-input":{"@type":"PropertyValueSpecification","valueRequired":true,"valueName":"search_term_string"}}],"inLanguage":"en"},{"@type":"Organization","@id":"https:\/\/www.kyrkhelg.fi\/#organization","name":"Kyrkhelgen","url":"https:\/\/www.kyrkhelg.fi\/","logo":{"@type":"ImageObject","inLanguage":"en","@id":"https:\/\/www.kyrkhelg.fi\/#\/schema\/logo\/image\/","url":"https:\/\/www.kyrkhelg.fi\/wp-content\/uploads\/2021\/08\/Kyrkhelgen-Logo-e1627898752523.png","contentUrl":"https:\/\/www.kyrkhelg.fi\/wp-content\/uploads\/2021\/08\/Kyrkhelgen-Logo-e1627898752523.png","width":200,"height":199,"caption":"Kyrkhelgen"},"image":{"@id":"https:\/\/www.kyrkhelg.fi\/#\/schema\/logo\/image\/"},"sameAs":["https:\/\/www.facebook.com\/kyrkhelg","https:\/\/instagram.com\/kyrkhelgennord?igshid=1sqmgahoxfuld","https:\/\/www.youtube.com\/channel\/UC8wwYJtGeH21s0s3WeMmQ6Q"]}]}},"_links":{"self":[{"href":"https:\/\/www.kyrkhelg.fi\/index.php\/wp-json\/wp\/v2\/pages\/3501","targetHints":{"allow":["GET"]}}],"collection":[{"href":"https:\/\/www.kyrkhelg.fi\/index.php\/wp-json\/wp\/v2\/pages"}],"about":[{"href":"https:\/\/www.kyrkhelg.fi\/index.php\/wp-json\/wp\/v2\/types\/page"}],"author":[{"embeddable":true,"href":"https:\/\/www.kyrkhelg.fi\/index.php\/wp-json\/wp\/v2\/users\/1"}],"replies":[{"embeddable":true,"href":"https:\/\/www.kyrkhelg.fi\/index.php\/wp-json\/wp\/v2\/comments?post=3501"}],"version-history":[{"count":194,"href":"https:\/\/www.kyrkhelg.fi\/index.php\/wp-json\/wp\/v2\/pages\/3501\/revisions"}],"predecessor-version":[{"id":6915,"href":"https:\/\/www.kyrkhelg.fi\/index.php\/wp-json\/wp\/v2\/pages\/3501\/revisions\/6915"}],"wp:attachment":[{"href":"https:\/\/www.kyrkhelg.fi\/index.php\/wp-json\/wp\/v2\/media?parent=3501"}],"curies":[{"name":"wp","href":"https:\/\/api.w.org\/{rel}","templated":true}]}}